{"id":2096,"date":"2021-03-06T12:20:37","date_gmt":"2021-03-06T05:20:37","guid":{"rendered":"https:\/\/vticloud.io\/?page_id=2096"},"modified":"2021-11-09T11:05:42","modified_gmt":"2021-11-09T04:05:42","slug":"amazon-web-services-aws","status":"publish","type":"page","link":"https:\/\/www.vticloud.io\/en\/partners\/amazon-web-services-aws\/","title":{"rendered":"\u0110\u1ed1i t\u00e1c chi\u1ebfn l\u01b0\u1ee3c c\u1ee7a VTI Cloud &#8211; AWS"},"content":{"rendered":"<p><\/p>\n<p>[vc_row css=&#8221;.vc_custom_1615362012513{margin-right: -15px !important;margin-left: -15px !important;}&#8221;][vc_column][vc_column_text css=&#8221;.vc_custom_1629368176146{margin-right: -15px !important;margin-left: -15px !important;}&#8221;]<\/p>\n<p><span style=\"color: #000000;\">  <div class=\"jumbotron\" style=\"background-image: url('https:\/\/www.vticloud.io\/wp-content\/uploads\/2021\/03\/aws-banner-aws-is-how.png')\">\n    <div class=\"container\">\n      <div class=\"row\">\n        <div class=\"col-md-8 col-sm-12 col-sx-12 banner-contact-left\">\n          <div class=\"info-left\">\n            <p class=\"title-first mt-5\"> \/VTI CLOUD\/<\/p>\n            <p class=\"title-info\">Amazon Web Services<\/p>\n                              <p><a class=\"btn btn-lg btn-learn-more\" id=\"btn-solution\" href=\"javascript:void(0)\" role=\"button\">Register<\/a><\/p>\n                        <\/div>\n        <\/div>\n        <div class=\"col-md-4 col-sm-12 col-sx-12 banner-contact-right\">\n          <div class=\"info-right float-right\">\n            <div class=\"contact\">\n              <p>Contact us<\/p>\n              <span class=\"icon-contact\"><i class=\"fas fa-phone-alt\"><\/i>+84-24-73068883<\/span>\n              <span class=\"icon-contact\"><i class=\"far fa-envelope\"><\/i>hello@vticloud.io<\/span>\n            <\/div>\n          <\/div>\n        <\/div>\n      <\/div>\n    <\/div>\n  <\/div>\n    <\/span><\/p>\n<p>[\/vc_column_text][\/vc_column][\/vc_row][vc_row el_class=&#8221;section&#8221;][vc_column][vc_raw_html]JTNDZGl2JTIwY2xhc3MlM0QlMjJoZWFkZXIlMjIlM0UlMEElM0NkaXYlMjBjbGFzcyUzRCUyMmNvbnRhaW5lciUyMiUzRSUwQSUyMCUyMCUyMCUyMCUyMCUyMCUyMCUyMCUzQ2RpdiUyMGNsYXNzJTNEJTIyaGVhZGVyLWdyb3VwJTIyJTNFJTBBJTIwJTIwJTIwJTIwJTIwJTIwJTIwJTIwJTIwJTIwJTIwJTIwJTNDZGl2JTNFJTBBJTIwJTIwJTIwJTIwJTIwJTIwJTIwJTIwJTIwJTIwJTIwJTIwJTIwJTIwJTIwJTIwJTNDaDElM0VBbWF6b24lMjBXZWIlMjBTZXJ2aWNlcyUzQyUyRmgxJTNFJTBBJTIwJTIwJTIwJTIwJTIwJTIwJTIwJTIwJTIwJTIwJTIwJTIwJTIwJTIwJTIwJTIwJTNDcCUzRSVDNCU5MCVFMSVCQiU5MWklMjB0JUMzJUExYyUyMGNoJUMzJUFEbmglMjBjJUUxJUJCJUE3YSUyMFZUSSUyMENsb3VkJTNDJTJGcCUzRSUwQSUyMCUyMCUyMCUyMCUyMCUyMCUyMCUyMCUyMCUyMCUyMCUyMCUzQyUyRmRpdiUzRSUwQSUyMCUyMCUyMCUyMCUyMCUyMCUyMCUyMCUzQyUyRmRpdiUzRSUwQSUzQyUyRmRpdiUzRSUwQSUyMCUyMCUyMCUyMCUzQyUyRmRpdiUzRQ==[\/vc_raw_html][\/vc_column][\/vc_row][vc_row el_class=&#8221;container-custom&#8221;][vc_column width=&#8221;1\/4&#8243;][vc_single_image image=&#8221;775&#8243; img_size=&#8221;medium&#8221; alignment=&#8221;right&#8221;][\/vc_column][vc_column width=&#8221;3\/4&#8243;][vc_column_text]<\/p>\n<p>L\u00e0 \u0111\u1ed1i t\u00e1c c\u1ea5p cao c\u1ee7a Amazon Web Services (AWS) t\u1ea1i Vi\u1ec7t Nam, VTI Cloud mong mu\u1ed1n mang s\u1ee9c m\u1ea1nh c\u1ee7a \u0111i\u1ec7n to\u00e1n \u0111\u00e1m m\u00e2y \u0111\u1ebfn v\u1edbi c\u00e1c t\u1ed5 ch\u1ee9c, doanh nghi\u1ec7p nh\u1eb1m t\u0103ng t\u1ed1c th\u1eddi gian c\u1ee7a h\u1ecd \u0111\u1ec3 \u0111\u1ea1t \u0111\u01b0\u1ee3c t\u00e1c \u0111\u1ed9ng kinh doanh \u0111\u00e1ng k\u1ec3.<\/p>\n<p>VTI Cloud l\u00e0 <strong>Advanced Consulting Partner<\/strong> c\u1ee7a AWS t\u1ea1i Vi\u1ec7t Nam v\u1edbi nhi\u1ec1u kinh nghi\u1ec7m trong vi\u1ec7c tri\u1ec3n khai c\u00e1c gi\u1ea3i ph\u00e1p cho kh\u00e1ch h\u00e0ng tr\u00ean d\u1ecbch v\u1ee5 \u0111\u00e1m m\u00e2y AWS. Ch\u00fang t\u00f4i c\u00f3 m\u1ed9t \u0111\u1ed9i ng\u0169 chuy\u00ean gia t\u01b0 v\u1ea5n k\u1ef9 thu\u1eadt, k\u1ef9 s\u01b0 tri\u1ec3n khai v\u00e0 v\u1eadn h\u00e0nh v\u1edbi h\u01a1n 50+ th\u00e0nh vi\u00ean \u0111\u01b0\u1ee3c \u0111\u00e0o t\u1ea1o, s\u1edf h\u1eefu c\u00e1c ch\u1ee9ng ch\u1ec9 AWS th\u1eeb Associate t\u1edbi Specialty, c\u0169ng nh\u01b0 c\u00f3 chuy\u00ean m\u00f4n v\u00e0 kinh nghi\u1ec7m th\u1ef1c ti\u1ec5n trong nhi\u1ec1u d\u1ef1 \u00e1n kh\u00e1c nhau.<\/p>\n<p>[\/vc_column_text][\/vc_column][vc_column][vc_raw_html el_class=&#8221;section&#8221;]JTNDZGl2JTIwY2xhc3MlM0QlMjJoZWFkZXIlMjIlM0UlMEElM0NkaXYlMjBjbGFzcyUzRCUyMmNvbnRhaW5lciUyMiUzRSUwQSUyMCUyMCUyMCUyMCUyMCUyMCUyMCUyMCUzQ2RpdiUyMGNsYXNzJTNEJTIyaGVhZGVyLWdyb3VwJTIyJTNFJTBBJTIwJTIwJTIwJTIwJTIwJTIwJTIwJTIwJTIwJTIwJTIwJTIwJTNDZGl2JTNFJTBBJTIwJTIwJTIwJTIwJTIwJTIwJTIwJTIwJTIwJTIwJTIwJTIwJTIwJTIwJTIwJTIwJTNDaDElM0VDbG91ZCUyMExlYWRlciUyMHRyb25nJTIwMTAlMjBuJUM0JTgzbSUyMGxpJUMzJUFBbiUyMHQlRTElQkIlQTVjJTNDJTJGaDElM0UlMEElMjAlMjAlMjAlMjAlMjAlMjAlMjAlMjAlMjAlMjAlMjAlMjAlMjAlMjAlMjAlMjAlM0NwJTNFJUM0JTkxJUM2JUIwJUUxJUJCJUEzYyUyMEdhcnRuZXIlMjBjJUMzJUI0bmclMjBuaCVFMSVCQSVBRG4lM0MlMkZwJTNFJTBBJTIwJTIwJTIwJTIwJTIwJTIwJTIwJTIwJTIwJTIwJTIwJTIwJTNDJTJGZGl2JTNFJTBBJTIwJTIwJTIwJTIwJTIwJTIwJTIwJTIwJTNDJTJGZGl2JTNFJTBBJTNDJTJGZGl2JTNFJTBBJTIwJTIwJTIwJTIwJTNDJTJGZGl2JTNF[\/vc_raw_html][\/vc_column][\/vc_row][vc_row el_class=&#8221;container-custom&#8221;][vc_column width=&#8221;1\/2&#8243;][vc_single_image image=&#8221;2133&#8243; img_size=&#8221;large&#8221; alignment=&#8221;center&#8221;][\/vc_column][vc_column width=&#8221;1\/2&#8243;][vc_custom_heading text=&#8221;Cloud Leader t\u1eeb n\u0103m 2010&#8243; font_container=&#8221;tag:h2|text_align:left|color:%23ff9900&#8243; use_theme_fonts=&#8221;yes&#8221;][vc_empty_space height=&#8221;50px&#8221;][vc_single_image image=&#8221;2164&#8243; img_size=&#8221;full&#8221; alignment=&#8221;center&#8221;][vc_column_text]<\/p>\n<p>Amazon Web Services (AWS) \u0111\u01b0\u1ee3c \u0111\u00e1nh gi\u00e1 l\u00e0 Cloud Leader trong b\u00e1o c\u00e1o <em>Gartner&#8217;s Infrastructure &amp; Platform Services Magic Quadrant 2020<\/em> v\u00e0 \u0111\u1ea1t \u0111\u01b0\u1ee3c v\u1ecb tr\u00ed n\u00e0y trong 10 n\u0103m li\u00ean ti\u1ebfp, th\u1ec3 hi\u1ec7n s\u1ef1 ph\u00e1t tri\u1ec3n v\u00e0 c\u1ea3i ti\u1ebfn kh\u00f4ng ng\u1eebng ngh\u1ec9 trong nhi\u1ec1u n\u0103m qua c\u1ee7a AWS.<\/p>\n<p>B\u00e1o c\u00e1o n\u0103m 2020 c\u1ee7a Gartner l\u00e0 s\u1ef1 ph\u00e1t tri\u1ec3n t\u1eeb b\u00e1o c\u00e1o Magic Quadrant for Cloud Infrastructure as a Service (IaaS) c\u1ee7a Gartner v\u00e0 m\u1edf r\u1ed9ng y\u1ebfu t\u1ed1 \u0111\u00e1nh gi\u00e1 th\u00eam c\u00e1c m\u1ea3ng nh\u01b0 &#8220;managed database services&#8221;, &#8220;serverless computing&#8221;, v\u00e0 &#8220;developer tools&#8221;, \u0111i\u1ec1u n\u00e0y ch\u1ee9ng t\u1ecf b\u00ean c\u1ea1nh ph\u00e1t tri\u1ec3n v\u1ec1 H\u1ea1 t\u1ea7ng nh\u01b0 m\u1ed9t d\u1ecbch v\u1ee5 (IaaS), AWS c\u0169ng lu\u00f4n c\u1ea3i ti\u1ebfn v\u1ec1 c\u00e1c m\u1ea3ng kh\u00e1c nhau nh\u01b0 Platform nh\u01b0 m\u1ed9t d\u1ecbch v\u1ee5 (PaaS) v\u00e0 Ph\u1ea7n m\u1ec1m nh\u01b0 m\u1ed9t d\u1ecbch v\u1ee5 (SaaS).<\/p>\n<p>[\/vc_column_text][\/vc_column][\/vc_row][vc_row el_class=&#8221;section&#8221;][vc_column][vc_raw_html]JTNDZGl2JTIwY2xhc3MlM0QlMjJoZWFkZXIlMjIlM0UlMEElM0NkaXYlMjBjbGFzcyUzRCUyMmNvbnRhaW5lciUyMiUzRSUwQSUyMCUyMCUyMCUyMCUyMCUyMCUyMCUyMCUzQ2RpdiUyMGNsYXNzJTNEJTIyaGVhZGVyLWdyb3VwJTIyJTNFJTBBJTIwJTIwJTIwJTIwJTIwJTIwJTIwJTIwJTIwJTIwJTIwJTIwJTNDZGl2JTNFJTBBJTIwJTIwJTIwJTIwJTIwJTIwJTIwJTIwJTIwJTIwJTIwJTIwJTIwJTIwJTIwJTIwJTNDaDElM0UlQzQlOTAlRTElQkIlOTFpJTIwdCVDMyVBMWMlMjBjYW8lMjBjJUUxJUJBJUE1cCUyMGMlRTElQkIlQTdhJTIwQVdTJTNDJTJGaDElM0UlMEElMjAlMjAlMjAlMjAlMjAlMjAlMjAlMjAlMjAlMjAlMjAlMjAlMjAlMjAlMjAlMjAlM0NwJTNFVCVFMSVCQSVBMWklMjBWaSVFMSVCQiU4N3QlMjBOYW0lMjAtJTIwVlRJJTIwQ2xvdWQlM0MlMkZwJTNFJTBBJTIwJTIwJTIwJTIwJTIwJTIwJTIwJTIwJTIwJTIwJTIwJTIwJTNDJTJGZGl2JTNFJTBBJTIwJTIwJTIwJTIwJTIwJTIwJTIwJTIwJTNDJTJGZGl2JTNFJTBBJTNDJTJGZGl2JTNFJTBBJTIwJTIwJTIwJTIwJTNDJTJGZGl2JTNF[\/vc_raw_html][\/vc_column][\/vc_row][vc_row el_class=&#8221;container-custom&#8221;][vc_column width=&#8221;1\/2&#8243;][vc_single_image image=&#8221;201&#8243; img_size=&#8221;full&#8221; alignment=&#8221;center&#8221;][\/vc_column][vc_column width=&#8221;1\/2&#8243;][vc_custom_heading text=&#8221;AWS + VTI Cloud = &#8230;&#8221; font_container=&#8221;tag:h3|text_align:left|color:%23ff9900&#8243; use_theme_fonts=&#8221;yes&#8221;][vc_column_text]<\/p>\n<p>VTI ch\u00ednh th\u1ee9c tr\u1edf th\u00e0nh\u00a0<strong>AWS Advanced Consulting Partner<\/strong>, kh\u1eb3ng \u0111\u1ecbnh v\u1ecb tr\u00ed \u0111\u1ed1i t\u00e1c h\u00e0ng \u0111\u1ea7u\u00a0<strong>c\u1ee7a AWS t\u1ea1i Vi\u1ec7t Nam v\u00e0 ASEAN.<\/strong><\/p>\n<p>V\u1edbi vai tr\u00f2 c\u1ee7a m\u1ed9t\u00a0<strong>Advanced Consulting Partner<\/strong>\u00a0t\u1ea1i Vi\u1ec7t Nam c\u1ee7a AWS,<strong>\u00a0VTI Cloud<\/strong>\u00a0c\u0169ng li\u00ean t\u1ee5c \u0111\u00f3ng g\u00f3p cho c\u1ed9ng \u0111\u1ed3ng th\u00f4ng qua vi\u1ec7c t\u1ed5 ch\u1ee9c c\u00e1c s\u1ef1 ki\u1ec7n, h\u1ed9i th\u1ea3o chia s\u1ebb kinh nghi\u1ec7m \u2026 t\u1eeb c\u01a1 b\u1ea3n \u0111\u1ebfn chuy\u00ean s\u00e2u. \u0110\u1ea1t \u0111\u01b0\u1ee3c th\u00e0nh qu\u1ea3 n\u00e0y,\u00a0<strong>VTI<\/strong>\u00a0xin ch\u00e2n th\u00e0nh c\u1ea3m \u01a1n s\u1ef1 tin t\u01b0\u1edfng c\u1ee7a qu\u00fd kh\u00e1ch h\u00e0ng, s\u1ef1 gi\u00fap \u0111\u1ee1 nhi\u1ec7t t\u00ecnh t\u1eeb AWS Vietnam v\u00e0 s\u1ef1 n\u1ed7 l\u1ef1c kh\u00f4ng m\u1ec7t m\u1ecfi c\u1ee7a \u0111\u1ed9i ng\u0169\u00a0<strong>VTI Cloud<\/strong>.<\/p>\n<p>\u0110\u1ecdc th\u00eam: <span style=\"color: #ff9900;\"><a style=\"color: #ff9900;\" href=\"https:\/\/vticloud.io\/news_events\/vti-cloud-chinh-thuc-tro-thanh-advanced-consulting-partner-cua-aws\/\">VTI Cloud ch\u00ednh th\u1ee9c tr\u1edf th\u00e0nh Advanced Consulting Partner c\u1ee7a AWS | VTI CLOUD<\/a><\/span><\/p>\n<p>[\/vc_column_text][vc_row_inner gap=&#8221;5&#8243;][vc_column_inner width=&#8221;1\/2&#8243;][vc_single_image image=&#8221;2145&#8243; img_size=&#8221;medium&#8221; alignment=&#8221;center&#8221;][\/vc_column_inner][vc_column_inner width=&#8221;1\/2&#8243;][vc_images_carousel images=&#8221;2168,2169&#8243; img_size=&#8221;medium&#8221; autoplay=&#8221;yes&#8221; wrap=&#8221;yes&#8221;][\/vc_column_inner][\/vc_row_inner][\/vc_column][\/vc_row][vc_row el_class=&#8221;section&#8221;][vc_column][vc_raw_html]JTNDZGl2JTIwY2xhc3MlM0QlMjJoZWFkZXIlMjIlM0UlMEElM0NkaXYlMjBjbGFzcyUzRCUyMmNvbnRhaW5lciUyMiUzRSUwQSUyMCUyMCUyMCUyMCUyMCUyMCUyMCUyMCUzQ2RpdiUyMGNsYXNzJTNEJTIyaGVhZGVyLWdyb3VwJTIyJTNFJTBBJTIwJTIwJTIwJTIwJTIwJTIwJTIwJTIwJTIwJTIwJTIwJTIwJTNDZGl2JTNFJTBBJTIwJTIwJTIwJTIwJTIwJTIwJTIwJTIwJTIwJTIwJTIwJTIwJTIwJTIwJTIwJTIwJTNDaDElM0UlQzQlOTAlRTElQkIlOTlpJTIwbmclQzUlQTklMjBWVEklMjBDbG91ZCUyMCUyNiUyMEFXUyUzQyUyRmgxJTNFJTBBJTIwJTIwJTIwJTIwJTIwJTIwJTIwJTIwJTIwJTIwJTIwJTIwJTIwJTIwJTIwJTIwJTNDcCUzRSVDNCU5MCVFMSVCQiU5MWklMjB0JUMzJUExYyUyMHBoJUMzJUExdCUyMHRyaSVFMSVCQiU4M24lMjBjJUUxJUJCJUE3YSUyMEFXUyUyMHQlRTElQkElQTFpJTIwVmklRTElQkIlODd0JTIwTmFtJTNDJTJGcCUzRSUwQSUyMCUyMCUyMCUyMCUyMCUyMCUyMCUyMCUyMCUyMCUyMCUyMCUzQyUyRmRpdiUzRSUwQSUyMCUyMCUyMCUyMCUyMCUyMCUyMCUyMCUzQyUyRmRpdiUzRSUwQSUzQyUyRmRpdiUzRSUwQSUyMCUyMCUyMCUyMCUzQyUyRmRpdiUzRQ==[\/vc_raw_html][vc_row_inner][vc_column_inner width=&#8221;1\/2&#8243;][vc_single_image image=&#8221;327&#8243; img_size=&#8221;full&#8221; alignment=&#8221;center&#8221;][\/vc_column_inner][vc_column_inner width=&#8221;1\/2&#8243;][vc_single_image image=&#8221;326&#8243; img_size=&#8221;full&#8221; alignment=&#8221;center&#8221;][\/vc_column_inner][\/vc_row_inner][vc_row_inner el_class=&#8221;container-custom&#8221;][vc_column_inner width=&#8221;1\/5&#8243;][\/vc_column_inner][vc_column_inner width=&#8221;3\/5&#8243;][vc_custom_heading text=&#8221;50+ k\u1ef9 s\u01b0 c\u00f3 ch\u1ee9ng ch\u1ec9 AWS Certified&#8221; font_container=&#8221;tag:h3|text_align:center|color:%23ff9900&#8243; use_theme_fonts=&#8221;yes&#8221;][vc_column_text]<\/p>\n<p style=\"text-align: center;\"><strong data-renderer-mark=\"true\">VTI Cloud<\/strong> c\u00f3\u00a0\u0111\u1ed9i ng\u0169 h\u01a1n 50+ k\u1ef9 s\u01b0 v\u1ec1 gi\u1ea3i ph\u00e1p \u0111\u01b0\u1ee3c ch\u1ee9ng nh\u1eadn b\u1edfi AWS. V\u1edbi mong mu\u1ed1n h\u1ed7 tr\u1ee3 kh\u00e1ch h\u00e0ng trong h\u00e0nh tr\u00ecnh chuy\u1ec3n \u0111\u1ed5i s\u1ed1 v\u00e0 d\u1ecbch chuy\u1ec3n l\u00ean \u0111\u00e1m m\u00e2y AWS, VTI Cloud t\u1ef1 h\u00e0o l\u00e0 \u0111\u01a1n v\u1ecb ti\u00ean phong trong vi\u1ec7c t\u01b0 v\u1ea5n gi\u1ea3i ph\u00e1p, ph\u00e1t tri\u1ec3n ph\u1ea7n m\u1ec1m v\u00e0 tri\u1ec3n khai h\u1ea1 t\u1ea7ng AWS cho kh\u00e1ch h\u00e0ng t\u1ea1i<strong data-renderer-mark=\"true\">\u00a0Vi\u1ec7t Nam<\/strong>\u00a0v\u00e0<strong data-renderer-mark=\"true\">\u00a0Nh\u1eadt B\u1ea3n.<\/strong><\/p>\n<p>[\/vc_column_text][vc_column_text]<\/p>\n<p style=\"text-align: center;\">T\u00ecm hi\u1ec3u th\u00eam:<span style=\"color: #ff9900;\"> <a style=\"color: #ff9900;\" href=\"https:\/\/partners.amazonaws.com\/partners\/0010L00001uzxSyQAI\/\">AWS Partner VTI Joint Stock Company (amazonaws.com)<\/a><\/span><\/p>\n<p>[\/vc_column_text][\/vc_column_inner][vc_column_inner width=&#8221;1\/5&#8243;][\/vc_column_inner][\/vc_row_inner][\/vc_column][\/vc_row][vc_row el_class=&#8221;section&#8221;][vc_column][vc_raw_html]JTNDZGl2JTIwY2xhc3MlM0QlMjJoZWFkZXIlMjIlM0UlMEElM0NkaXYlMjBjbGFzcyUzRCUyMmNvbnRhaW5lciUyMiUzRSUwQSUyMCUyMCUyMCUyMCUyMCUyMCUyMCUyMCUzQ2RpdiUyMGNsYXNzJTNEJTIyaGVhZGVyLWdyb3VwJTIyJTNFJTBBJTIwJTIwJTIwJTIwJTIwJTIwJTIwJTIwJTIwJTIwJTIwJTIwJTNDZGl2JTNFJTBBJTIwJTIwJTIwJTIwJTIwJTIwJTIwJTIwJTIwJTIwJTIwJTIwJTIwJTIwJTIwJTIwJTNDaDElM0VWVEklMjBDbG91ZCUyMGN1bmclMjBjJUUxJUJBJUE1cCUyMGQlRTElQkIlOEJjaCUyMHYlRTElQkIlQTUlM0MlMkZoMSUzRSUwQSUyMCUyMCUyMCUyMCUyMCUyMCUyMCUyMCUyMCUyMCUyMCUyMCUyMCUyMCUyMCUyMCUzQ3AlM0VsaSVDMyVBQW4lMjBxdWFuJTIwdCVFMSVCQiU5QmklMjBBV1MlM0MlMkZwJTNFJTBBJTIwJTIwJTIwJTIwJTIwJTIwJTIwJTIwJTIwJTIwJTIwJTIwJTNDJTJGZGl2JTNFJTBBJTIwJTIwJTIwJTIwJTIwJTIwJTIwJTIwJTNDJTJGZGl2JTNFJTBBJTNDJTJGZGl2JTNFJTBBJTIwJTIwJTIwJTIwJTNDJTJGZGl2JTNF[\/vc_raw_html][vc_empty_space height=&#8221;50px&#8221;][vc_row_inner equal_height=&#8221;yes&#8221; el_class=&#8221;container-custom&#8221;][vc_column_inner width=&#8221;1\/4&#8243;][vc_single_image image=&#8221;2140&#8243; img_size=&#8221;100&#215;100&#8243; alignment=&#8221;center&#8221;][vc_custom_heading text=&#8221;Well-Architected Review&#8221; font_container=&#8221;tag:h4|text_align:center|color:%23ff9900&#8243; use_theme_fonts=&#8221;yes&#8221; link=&#8221;url:https%3A%2F%2Fvticloud.io%2Fservices%2Fwell-architected%2F|||&#8221;][vc_column_text]<\/p>\n<p style=\"text-align: center;\">Cung c\u1ea5p m\u1ed9t c\u00e1ch ti\u1ebfp c\u1eadn nh\u1ea5t qu\u00e1n \u0111\u1ec3 \u0111\u00e1nh gi\u00e1 h\u1ec7 th\u1ed1ng d\u1ef1a tr\u00ean 5 Pillars c\u1ee7a AWS Well-Architected framework.<\/p>\n<p>[\/vc_column_text][\/vc_column_inner][vc_column_inner width=&#8221;1\/4&#8243;][vc_single_image image=&#8221;2139&#8243; img_size=&#8221;100&#215;100&#8243; alignment=&#8221;center&#8221;][vc_custom_heading text=&#8221;Migration Service&#8221; font_container=&#8221;tag:h4|text_align:center|color:%23ff9900&#8243; use_theme_fonts=&#8221;yes&#8221; link=&#8221;url:https%3A%2F%2Fvticloud.io%2Fservices%2Fmigration-service%2F|||&#8221;][vc_column_text]<\/p>\n<p style=\"text-align: center;\">Chuy\u1ec3n \u0111\u1ed5i h\u1ec7 th\u1ed1ng t\u1eeb h\u1ea1 t\u1ea7ng v\u1eadt l\u00fd, c\u01a1 s\u1edf l\u01b0u tr\u1eef ho\u1eb7c t\u1eeb c\u00e1c nh\u00e0 cung c\u1ea5p cloud kh\u00e1c sang AWS.<\/p>\n<p>[\/vc_column_text][\/vc_column_inner][vc_column_inner width=&#8221;1\/4&#8243;][vc_single_image image=&#8221;2138&#8243; img_size=&#8221;100&#215;100&#8243; alignment=&#8221;center&#8221;][vc_custom_heading text=&#8221;Managed Service&#8221; font_container=&#8221;tag:h4|text_align:center|color:%23ff9900&#8243; use_theme_fonts=&#8221;yes&#8221; link=&#8221;url:https%3A%2F%2Fvticloud.io%2Fservices%2Fmanaged-service%2F|||&#8221;][vc_column_text]<\/p>\n<p style=\"text-align: center;\">Qu\u1ea3n l\u00fd doanh nghi\u1ec7p c\u1ee7a b\u1ea1n th\u00f4ng qua \u0111a n\u1ec1n t\u1ea3ng, \u0111\u1ec1 xu\u1ea5t k\u1ebf ho\u1ea1ch v\u00e0 gi\u1ea3i ph\u00e1p linh ho\u1ea1t c\u0169ng nh\u01b0 t\u1ef1 \u0111\u1ed9ng h\u00f3a hi\u1ec7n \u0111\u1ea1i.<\/p>\n<p>[\/vc_column_text][\/vc_column_inner][vc_column_inner width=&#8221;1\/4&#8243;][vc_single_image image=&#8221;2142&#8243; img_size=&#8221;100&#215;100&#8243; alignment=&#8221;center&#8221;][vc_custom_heading text=&#8221;Development Service&#8221; font_container=&#8221;tag:h4|text_align:center|color:%23ff9900&#8243; use_theme_fonts=&#8221;yes&#8221; link=&#8221;url:https%3A%2F%2Fvticloud.io%2Fservices%2Fdevelopment-service%2F|||&#8221;][vc_column_text]<\/p>\n<p style=\"text-align: center;\">H\u1ed7 tr\u1ee3 doanh nghi\u1ec7p trong h\u00e0nh tr\u00ecnh thi\u1ebft k\u1ebf, x\u00e2y d\u1ef1ng, v\u1eadn h\u00e0nh ho\u00e0n to\u00e0n c\u00e1c \u1ee9ng d\u1ee5ng tr\u00ean n\u1ec1n t\u1ea3ng Cloud.<\/p>\n<p>[\/vc_column_text][\/vc_column_inner][\/vc_row_inner][\/vc_column][\/vc_row][vc_row content_placement=&#8221;middle&#8221; el_class=&#8221;section&#8221;][vc_column][vc_row_inner equal_height=&#8221;yes&#8221; content_placement=&#8221;middle&#8221; gap=&#8221;2&#8243; el_class=&#8221;container-custom&#8221;][vc_column_inner][vc_raw_html]JTNDZGl2JTIwY2xhc3MlM0QlMjJoZWFkZXIlMjIlM0UlMEElM0NkaXYlMjBjbGFzcyUzRCUyMmNvbnRhaW5lciUyMiUzRSUwQSUyMCUyMCUyMCUyMCUyMCUyMCUyMCUyMCUzQ2RpdiUyMGNsYXNzJTNEJTIyaGVhZGVyLWdyb3VwJTIyJTNFJTBBJTIwJTIwJTIwJTIwJTIwJTIwJTIwJTIwJTIwJTIwJTIwJTIwJTNDZGl2JTNFJTBBJTIwJTIwJTIwJTIwJTIwJTIwJTIwJTIwJTIwJTIwJTIwJTIwJTIwJTIwJTIwJTIwJTNDaDElM0VLaCVDMyVBMWNoJTIwaCVDMyVBMG5nJTNDJTJGaDElM0UlMEElMjAlMjAlMjAlMjAlMjAlMjAlMjAlMjAlMjAlMjAlMjAlMjAlMjAlMjAlMjAlMjAlM0NwJTNFVGluJTIwdCVDNiVCMCVFMSVCQiU5Rm5nJTIwQVdTJTIwdiVDMyVBMCUyMFZUSSUyMENsb3VkJTNDJTJGcCUzRSUwQSUyMCUyMCUyMCUyMCUyMCUyMCUyMCUyMCUyMCUyMCUyMCUyMCUzQyUyRmRpdiUzRSUwQSUyMCUyMCUyMCUyMCUyMCUyMCUyMCUyMCUzQyUyRmRpdiUzRSUwQSUzQyUyRmRpdiUzRSUwQSUyMCUyMCUyMCUyMCUzQyUyRmRpdiUzRQ==[\/vc_raw_html][vc_gallery type=&#8221;image_grid&#8221; images=&#8221;2285,2283,2281,2290,2288,2434,2433,2284&#8243; img_size=&#8221;300&#215;150&#8243; css=&#8221;.vc_custom_1616408539315{margin-right: -20px !important;margin-left: -20px !important;}&#8221;][\/vc_column_inner][\/vc_row_inner][\/vc_column][\/vc_row][vc_row el_class=&#8221;section&#8221;][vc_column][vc_raw_html]JTNDZGl2JTIwY2xhc3MlM0QlMjJoZWFkZXIlMjIlM0UlMEElM0NkaXYlMjBjbGFzcyUzRCUyMmNvbnRhaW5lciUyMiUzRSUwQSUyMCUyMCUyMCUyMCUyMCUyMCUyMCUyMCUzQ2RpdiUyMGNsYXNzJTNEJTIyaGVhZGVyLWdyb3VwJTIyJTNFJTBBJTIwJTIwJTIwJTIwJTIwJTIwJTIwJTIwJTIwJTIwJTIwJTIwJTNDZGl2JTNFJTBBJTIwJTIwJTIwJTIwJTIwJTIwJTIwJTIwJTIwJTIwJTIwJTIwJTIwJTIwJTIwJTIwJTNDaDElM0VMaSVDMyVBQW4lMjBoJUUxJUJCJTg3JTIwdiVFMSVCQiU5QmklMjBWVEklMjBDbG91ZCUzQyUyRmgxJTNFJTBBJTIwJTIwJTIwJTIwJTIwJTIwJTIwJTIwJTIwJTIwJTIwJTIwJTIwJTIwJTIwJTIwJTNDcCUzRSVDNCU5MCVFMSVCQiU4MyUyMCVDNCU5MSVDNiVCMCVFMSVCQiVBM2MlMjB0JUM2JUIwJTIwdiVFMSVCQSVBNW4lMjB2JUUxJUJCJTgxJTIwQVdTJTNDJTJGcCUzRSUwQSUyMCUyMCUyMCUyMCUyMCUyMCUyMCUyMCUyMCUyMCUyMCUyMCUzQyUyRmRpdiUzRSUwQSUyMCUyMCUyMCUyMCUyMCUyMCUyMCUyMCUzQyUyRmRpdiUzRSUwQSUzQyUyRmRpdiUzRSUwQSUyMCUyMCUyMCUyMCUzQyUyRmRpdiUzRQ==[\/vc_raw_html][vc_row_inner el_class=&#8221;container-custom&#8221;][vc_column_inner width=&#8221;1\/2&#8243;][vc_column_text el_class=&#8221;section&#8221;]<\/p>\n<h3 class=\"contact_title_page\"><span style=\"font-family: BaiJamjuree-Bold, sans-serif;\"><strong>VTI Cloud contact information<\/strong><\/span><\/h3>\n<p><img class=\"emoji\" role=\"img\" draggable=\"false\" src=\"https:\/\/s.w.org\/images\/core\/emoji\/13.0.1\/svg\/1f3e0.svg\" alt=\"\ud83c\udfe0\" \/>\u00a06F, AC Building, 78 Duy Tan, Cau Giay, Hanoi<\/p>\n<p><img class=\"emoji\" role=\"img\" draggable=\"false\" src=\"https:\/\/s.w.org\/images\/core\/emoji\/13.0.1\/svg\/1f3e0.svg\" alt=\"\ud83c\udfe0\" \/>\u00a0Serepok Tower 56 Nguyen Dinh Chieu, District 1, HCMC<\/p>\n<p><img class=\"emoji\" role=\"img\" draggable=\"false\" src=\"https:\/\/s.w.org\/images\/core\/emoji\/13.0.1\/svg\/260e.svg\" alt=\"\u260e\ufe0f\" \/>\u00a0+84-24-73068883<\/p>\n<p><img class=\"emoji\" role=\"img\" draggable=\"false\" src=\"https:\/\/s.w.org\/images\/core\/emoji\/13.0.1\/svg\/1f4e7.svg\" alt=\"\ud83d\udce7\" \/>\u00a0hello@vticloud.io<\/p>\n<p>[\/vc_column_text][\/vc_column_inner][vc_column_inner width=&#8221;1\/2&#8243;][vc_column_text el_class=&#8221;section&#8221;]<\/p>\n<div role=\"form\" class=\"wpcf7\" id=\"wpcf7-f3051-o2\" lang=\"vi\" dir=\"ltr\">\n<div class=\"screen-reader-response\"><p role=\"status\" aria-live=\"polite\" aria-atomic=\"true\"><\/p> <ul><\/ul><\/div>\n<form action=\"\/en\/wp-json\/wp\/v2\/pages\/2096#wpcf7-f3051-o2\" method=\"post\" class=\"wpcf7-form init\" novalidate=\"novalidate\" data-status=\"init\">\n<div style=\"display: none;\">\n<input type=\"hidden\" name=\"_wpcf7\" value=\"3051\" \/>\n<input type=\"hidden\" name=\"_wpcf7_version\" value=\"5.4.2\" \/>\n<input type=\"hidden\" name=\"_wpcf7_locale\" value=\"vi\" \/>\n<input type=\"hidden\" name=\"_wpcf7_unit_tag\" value=\"wpcf7-f3051-o2\" \/>\n<input type=\"hidden\" name=\"_wpcf7_container_post\" value=\"0\" \/>\n<input type=\"hidden\" name=\"_wpcf7_posted_data_hash\" value=\"\" \/>\n<input type=\"hidden\" name=\"_wpcf7_recaptcha_response\" value=\"\" \/>\n<\/div>\n<div class=\"divh3\">\n<h3 class=\"form-title-form\">Registration<\/h3>\n<h6>Kindly fill in your information so that VTI Cloud can support you the soonest<\/h6>\n<\/div>\n<div class=\"form-body-contact\">\n<div class=\"form-group\">\n<label class=\"sr-only\" for=\"your-name\">Name<\/label><br \/>\n<span class=\"wpcf7-form-control-wrap your-name\"><input type=\"text\" name=\"your-name\" value=\"\" size=\"40\" class=\"wpcf7-form-control wpcf7-text wpcf7-validates-as-required\" aria-required=\"true\" aria-invalid=\"false\" placeholder=\"Name\" \/><\/span>\n<\/div>\n<div class=\"form-group\">\n<label class=\"sr-only\" for=\"your-email\">Email<\/label><br \/>\n<span class=\"wpcf7-form-control-wrap your-name\"><input type=\"email\" name=\"your-name\" value=\"\" size=\"40\" class=\"wpcf7-form-control wpcf7-text wpcf7-email wpcf7-validates-as-required wpcf7-validates-as-email\" aria-required=\"true\" aria-invalid=\"false\" placeholder=\"Email\" \/><\/span>\n<\/div>\n<div class=\"form-group\">\n<label class=\"sr-only\" for=\"your-phone-number\">Phone Number<\/label><br \/>\n\n<\/div>\n<div class=\"form-group\">\n<label class=\"sr-only\" for=\"your-message\">Message<\/label><br \/>\n<span class=\"wpcf7-form-control-wrap your-message\"><textarea name=\"your-message\" cols=\"40\" rows=\"10\" class=\"wpcf7-form-control wpcf7-textarea wpcf7-validates-as-required\" aria-required=\"true\" aria-invalid=\"false\" placeholder=\"Message\"><\/textarea><\/span>\n<\/div>\n<p><input type=\"submit\" value=\"Send\" class=\"wpcf7-form-control wpcf7-submit btn-block btn-block-orange\" \/>\n<\/p><\/div>\n<div class=\"wpcf7-response-output\" aria-hidden=\"true\"><\/div><\/form><\/div>\n<p>[\/vc_column_text][\/vc_column_inner][\/vc_row_inner][\/vc_column][\/vc_row]<\/p>\n<p><\/p>","protected":false},"excerpt":{"rendered":"<p>[vc_row css=&#8221;.vc_custom_1615362012513{margin-right: -15px !important;margin-left: -15px !important;}&#8221;][vc_column][vc_column_text css=&#8221;.vc_custom_1629368176146{margin-right: -15px !important;margin-left: -15px !important;}&#8221;] [\/vc_column_text][\/vc_column][\/vc_row][vc_row el_class=&#8221;section&#8221;][vc_column][vc_raw_html]JTNDZGl2JTIwY2xhc3MlM0QlMjJoZWFkZXIlMjIlM0UlMEElM0NkaXYlMjBjbGFzcyUzRCUyMmNvbnRhaW5lciUyMiUzRSUwQSUyMCUyMCUyMCUyMCUyMCUyMCUyMCUyMCUzQ2RpdiUyMGNsYXNzJTNEJTIyaGVhZGVyLWdyb3VwJTIyJTNFJTBBJTIwJTIwJTIwJTIwJTIwJTIwJTIwJTIwJTIwJTIwJTIwJTIwJTNDZGl2JTNFJTBBJTIwJTIwJTIwJTIwJTIwJTIwJTIwJTIwJTIwJTIwJTIwJTIwJTIwJTIwJTIwJTIwJTNDaDElM0VBbWF6b24lMjBXZWIlMjBTZXJ2aWNlcyUzQyUyRmgxJTNFJTBBJTIwJTIwJTIwJTIwJTIwJTIwJTIwJTIwJTIwJTIwJTIwJTIwJTIwJTIwJTIwJTIwJTNDcCUzRSVDNCU5MCVFMSVCQiU5MWklMjB0JUMzJUExYyUyMGNoJUMzJUFEbmglMjBjJUUxJUJCJUE3YSUyMFZUSSUyMENsb3VkJTNDJTJGcCUzRSUwQSUyMCUyMCUyMCUyMCUyMCUyMCUyMCUyMCUyMCUyMCUyMCUyMCUzQyUyRmRpdiUzRSUwQSUyMCUyMCUyMCUyMCUyMCUyMCUyMCUyMCUzQyUyRmRpdiUzRSUwQSUzQyUyRmRpdiUzRSUwQSUyMCUyMCUyMCUyMCUzQyUyRmRpdiUzRQ==[\/vc_raw_html][\/vc_column][\/vc_row][vc_row el_class=&#8221;container-custom&#8221;][vc_column width=&#8221;1\/4&#8243;][vc_single_image image=&#8221;775&#8243; img_size=&#8221;medium&#8221; alignment=&#8221;right&#8221;][\/vc_column][vc_column width=&#8221;3\/4&#8243;][vc_column_text] L\u00e0 \u0111\u1ed1i t\u00e1c c\u1ea5p cao c\u1ee7a Amazon Web Services (AWS) t\u1ea1i Vi\u1ec7t Nam, VTI Cloud mong mu\u1ed1n mang s\u1ee9c m\u1ea1nh c\u1ee7a \u0111i\u1ec7n to\u00e1n \u0111\u00e1m m\u00e2y \u0111\u1ebfn v\u1edbi c\u00e1c t\u1ed5 ch\u1ee9c, doanh nghi\u1ec7p nh\u1eb1m t\u0103ng t\u1ed1c th\u1eddi [&hellip;]<\/p>\n","protected":false},"author":5,"featured_media":2148,"parent":344,"menu_order":0,"comment_status":"closed","ping_status":"closed","template":"fullwidth.php","meta":[],"_links":{"self":[{"href":"https:\/\/www.vticloud.io\/en\/wp-json\/wp\/v2\/pages\/2096"}],"collection":[{"href":"https:\/\/www.vticloud.io\/en\/wp-json\/wp\/v2\/pages"}],"about":[{"href":"https:\/\/www.vticloud.io\/en\/wp-json\/wp\/v2\/types\/page"}],"author":[{"embeddable":true,"href":"https:\/\/www.vticloud.io\/en\/wp-json\/wp\/v2\/users\/5"}],"replies":[{"embeddable":true,"href":"https:\/\/www.vticloud.io\/en\/wp-json\/wp\/v2\/comments?post=2096"}],"version-history":[{"count":8,"href":"https:\/\/www.vticloud.io\/en\/wp-json\/wp\/v2\/pages\/2096\/revisions"}],"predecessor-version":[{"id":3052,"href":"https:\/\/www.vticloud.io\/en\/wp-json\/wp\/v2\/pages\/2096\/revisions\/3052"}],"up":[{"embeddable":true,"href":"https:\/\/www.vticloud.io\/en\/wp-json\/wp\/v2\/pages\/344"}],"wp:featuredmedia":[{"embeddable":true,"href":"https:\/\/www.vticloud.io\/en\/wp-json\/wp\/v2\/media\/2148"}],"wp:attachment":[{"href":"https:\/\/www.vticloud.io\/en\/wp-json\/wp\/v2\/media?parent=2096"}],"curies":[{"name":"wp","href":"https:\/\/api.w.org\/{rel}","templated":true}]}}